{"id":731,"date":"2022-05-12T14:11:22","date_gmt":"2022-05-12T12:11:22","guid":{"rendered":"https:\/\/shop.agriturismocalicozzo.com\/terms-and-conditions\/"},"modified":"2022-05-12T14:11:23","modified_gmt":"2022-05-12T12:11:23","slug":"terms-and-conditions","status":"publish","type":"page","link":"https:\/\/shop.agriturismocalicozzo.com\/en\/terms-and-conditions\/","title":{"rendered":"Terms and Conditions"},"content":{"rendered":"\n<p><strong>CONDIZIONI GENERALI DI VENDITA ON LINE<\/strong><\/p>\n\n<p>Le presenti condizioni sono valide esclusivamente tra Catani Sonia Azienda Agricola con sede legale in Via Manzoni 19 61046 Piobbico PU Italy Ubicazione Loc. C\u00e0 Licozzo Piobbico PU P. I. 01053200414, di seguito denominata \u201cCatani Sonia Azienda Agricola\u201d e qualsiasi utente che effettui acquisti online sul internet https:\/\/shop.agriturismocalicozzo.com\/, di seguito denominato \u201cCLIENTE\u201d.<br\/>\u201dCatani Sonia Azienda Agricola\u201d si riserva il diritto di modificare a sua discrezione le seguenti condizioni e la data di pubblicazione delle stesse sul sito https:\/\/shop.agriturismocalicozzo.com\/ equivale alla data di entrata in vigore.<br\/>Le presenti condizioni disciplinano gli acquisti effettuati sul sito internet https:\/\/shop.agriturismocalicozzo.com\/, conformemente alle prescrizioni contenute nel \u201cCodice del consumo\u201d, D. Lgs. n. 206\/2005 e s.m.i. e dal D. Lgs. n. 70\/2003 e s.m.i. in materia di commercio elettronico.<\/p>\n\n<p><strong>Articolo 1 \u2013 Oggetto del contratto<\/strong><\/p>\n\n<p>Con le presenti condizioni generali di vendita, Catani Sonia Azienda Agricola vende ed il CLIENTE acquista a distanza i beni mobili materiali indicati ed offerti in vendita sul sito internet https:\/\/shop.agriturismocalicozzo.com\/.<br\/>Il contratto si conclude esclusivamente tramite la rete internet, mediante l\u2019accesso da parte del CLIENTE all\u2019indirizzo https:\/\/shop.agriturismocalicozzo.com\/ e la realizzazione di un ordine di acquisto secondo l\u2019iter procedurale previsto dal sito medesimo.<br\/>Il CLIENTE, prima di confermare l\u2019invio del proprio ordine, dichiara di aver preso visione delle presenti condizioni generali di vendita, in particolare delle informazioni precontrattuali fornite da Catani Sonia Azienda Agricola, e di accettarle tramite l\u2019apposizione di un flag nella casella indicata.<br\/>Nella mail di conferma dell\u2019ordine, il CLIENTE ricever\u00e0 un link attraverso il quale potr\u00e0 scaricare e conservare una copia delle presenti condizioni generali di vendita, cos\u00ec come sancito all\u2019art. 51 comma 1 del D. Lgs. n. 206\/2005 e s.m.i..<\/p>\n\n<p><strong>Articolo 2 \u2013 Informazioni precontrattuali per il consumatore, ex art. 49 D. Lgs. n. 206\/2005<\/strong><\/p>\n\n<p>Il CLIENTE prima della conclusione del contratto di acquisto, prende visione delle caratteristiche dei beni che vengono illustrate nella descrizione del prodotto al momento della scelta effettuata dal CLIENTE.<br\/>Il CLIENTE prima della convalida dell\u2019ordine con l\u2019obbligo di pagamento \u00e8 informato circa:<br\/>\u2013 il prezzo totale dei beni, comprensivo delle imposte, con il dettaglio del costo per le spese di spedizione e di ogni eventuale spesa ulteriore;<br\/>\u2013 il termine entro il quale Catani Sonia Azienda Agricola si impegna a consegnare al merce;<br\/>\u2013 l\u2019impossibilit\u00e0 di beneficiare del diritto di recesso, in virt\u00f9 dell\u2019esclusione prevista ex art. 59 D. Lgs. n. 206\/2005 e s.m.i.;<br\/>\u2013 le modalit\u00e0 di pagamento dei propri acquisti;<br\/>\u2013 l\u2019esistenza di una garanzia legale di conformit\u00e0 dei beni acquistati e delle modalit\u00e0 di esercizio di tale diritto.<br\/>Il CLIENTE pu\u00f2 in qualsiasi momento e comunque prima della conclusione del contratto, prendere conoscenza delle informazioni relative alla Catani Sonia Azienda Agricola, l\u2019indirizzo geografico, numero di telefono, indirizzo di posta elettronica, informazioni che vengono riportate, anche di seguito:<br\/>tel. 333 4648720 MAIL: calicozzo@gmail.com<\/p>\n\n<p><strong>Articolo 3 \u2013 Conclusione ed efficacia del contratto<\/strong><\/p>\n\n<p>Il contratto di vendita \u00e8 considerato concluso con l\u2019invio da parte di Catani Sonia Azienda Agricola al CLIENTE di un\u2019e-mail di conferma dell\u2019ordine. L\u2019e-mail contiene i dati del CLIENTE e il numero d\u2019ordine, il prezzo della merce acquistata, le spese di spedizione e l\u2019indirizzo di consegna al quale sar\u00e0 inviata la merce, unitamente al link per poter stampare e archiviare la copia delle presenti condizioni.<br\/>Il CLIENTE si impegna a verificare la correttezza dei dati personali contenuti nella mail di cui sopra e a comunicare tempestivamente a Catani Sonia Azienda Agricola eventuali correzioni\/modifiche da apportare.<br\/>Catani Sonia Azienda Agricola si impegna a descrivere e presentare gli articoli venduti sul sito nel miglior modo possibile. Ciononostante, potrebbero evidenziarsi alcuni errori, imprecisioni o piccole differenze tra il prodotto raffigurato nel sito ed il prodotto reale. Inoltre, le fotografie dei prodotti presentati su<br\/><a href=\"https:\/\/shop.agriturismocalicozzo.com\/en\/\"> https:\/\/shop.agriturismocalicozzo.com\/<\/a> non costituiscono elemento contrattuale, in quanto da considerarsi solo rappresentative.<br\/>Catani Sonia Azienda Agricola si impegna a consegnare la merce entro 7 giorni lavorativi salvo problemi imputabili ai ritardi del trasporto e dopo verifica pagamenti, decorrenti dell\u2019invio da parte di Catani Sonia Azienda Agricola stessa dell\u2019e-mail di conferma d\u2019ordine al CLIENTE.<\/p>\n\n<p><strong>Articolo 4 \u2013 Disponibilit\u00e0 dei prodotti<\/strong><\/p>\n\n<p>La disponibilit\u00e0 dei prodotti si riferisce alla disponibilit\u00e0 effettiva nel momento in cui il CLIENTE effettua l\u2019ordine. Tale disponibilit\u00e0 deve comunque essere considerata puramente indicativa in quanto:<br\/>\u2013 i prodotti potrebbero essere venduti ad altri CLIENTI prima della conferma dell\u2019ordine, per effetto della contemporanea presenza sul sito di pi\u00f9 utenti;<br\/>\u2013 potrebbe verificarsi un\u2019anomalia informatica tale da rendere disponibile all\u2019acquisto un prodotto che in realt\u00e0 non lo \u00e8.<br\/>Anche in seguito all\u2019invio dell\u2019e-mail di conferma dell\u2019ordine inviata da Catani Sonia Azienda Agricola, potrebbero verificarsi casi di indisponibilit\u00e0 parziale o totale della merce. In questa eventualit\u00e0, l\u2019ordine verr\u00e0 rettificato automaticamente con l\u2019eliminazione del prodotto o dei prodotti non disponibili e il CLIENTE verr\u00e0 immediatamente informato via e-mail; con tale e-mail il cliente verr\u00e0 altres\u00ec informato delle modalit\u00e0 e delle tempistiche di rimborso delle somme eventualmente versate.<\/p>\n\n<p><strong>Articolo 5 \u2013 Modalit\u00e0 di pagamento<\/strong><\/p>\n\n<p>Ogni pagamento da parte del CLIENTE potr\u00e0 avvenire con le seguenti modalit\u00e0 di pagamento:<br\/>\u2013 Paypal;<br\/>\u2013 Bonifico Bancario anticipato<br\/>In caso di pagamento con Paypal, l\u2019effettivo addebito avverr\u00e0 al momento dell\u2019invio da parte di Catani Sonia Azienda Agricola dell\u2019e-mail di conferma ordine.<br\/>In caso di pagamento con Bonifico, la spedizione della merce sar\u00e0 effettuato quando il bonifico sar\u00e0 notificato dalla banca.<\/p>\n\n<p><strong>Articolo 6 \u2013 Prezzi<\/strong><\/p>\n\n<p>Tutti i prezzi di vendita dei prodotti indicati sul sito https:\/\/shop.agriturismocalicozzo.com\/ sono espressi in Euro e sono comprensivi di IVA. I costi di spedizione non sono compresi nel prezzo d\u2019acquisto, ma sono indicati e calcolati al momento della conclusione del processo di acquisto prima dell\u2019effettuazione del pagamento.<br\/>Per ordini di importo pari o superiore ad Euro \u20ac 100,00 la spedizione \u00e8 gratuita. Per Austria, Belgio, Francia, Lussemburgo e Olanda, la spedizione \u00e8 gratuita sopra Euro \u20ac 200,00.<br\/>I costi di spedizione per l&#8217;Italia sono fissi a Euro \u20ac 7,00, per i paesi esteri elencati sopra sono fissi a Euro \u20ac 15,00.<br\/>Il CLIENTE accetta la facolt\u00e0 di Catani Sonia Azienda Agricola di modificare i suoi prezzi in qualsiasi momento, tuttavia la merce sar\u00e0 fatturata sulla base dei prezzi indicati sul sito al momento della creazione dell\u2019ordine e indicati nell\u2019e-mail di conferma inviata da Catani Sonia Azienda Agricola al CLIENTE. In caso di errore informatico, manuale, tecnico, o di qualsiasi altra natura che possa comportare un cambiamento sostanziale, non previsto da Catani Sonia Azienda Agricola, del prezzo di vendita al pubblico, che lo renda esorbitante o chiaramente irrisorio, l\u2019ordine d\u2019acquisto sar\u00e0 considerato non valido e annullato e l\u2019importo versato dal CLIENTE sar\u00e0 rimborsato entro 14 gg. dal giorno dell\u2019annullamento.<\/p>\n\n<p><strong>Articolo 7 \u2013 Diritto di recesso<\/strong><br\/>Considerata la natura dei prodotti venduti da Catani Sonia Azienda Agricola, conformemente alle disposizioni legali in vigore (art. 59 D. Lgs. n. 206\/2005 e s.m.i.) il CLIENTE non ha diritto di recedere dall\u2019acquisto dei prodotti. Tutti i prodotti venduti da Catani Sonia Azienda Agricola rischiano di deteriorarsi o scadere rapidamente, inoltre sono confezionati su misura prima della spedizione, rispettando le quantit\u00e0 richieste al momento dell\u2019ordinazione.<\/p>\n\n<p>Qualora i salumi, visto che sono artigianali e senza l&#8217;uso di conservanti, presentino problematiche \u00e8 possibile previa comunicazione per email sostituire il salume con un altro. Entro e non oltre il mese di tempo.<\/p>\n\n<p>E&#8217; comunque garantito il diritto di recesso entro 10 giorni dall&#8217;acquisto purch\u00e9 il prodotto non sia stato aperto.<\/p>\n\n<p>La sostituzione della merce potr\u00e0 essere richiesta entro e non oltre i 14 giorni ( vedi art.8 ) previo invio documentazione foto e mail.<\/p>\n\n<p><strong>Articolo 8 \u2013 Garanzia legale di conformit\u00e0<\/strong><\/p>\n\n<p>In caso di ricezione di prodotti non conformi agli ordini effettuati, il CLIENTE ha diritto al ripristino senza spese della conformit\u00e0 del prodotto mediante sostituzione del prodotto. Il CLIENTE pu\u00f2 esercitare tale diritto comunicando a Catani Sonia Azienda Agricola, entro 72 ore successive al ricevimento del prodotto ordinato con invio mail e foto del prodotto, la difformit\u00e0 riscontrata. Al fine di esercitare il diritto di cui sopra, il CLIENTE dovr\u00e0 inviare una mail a Catani Sonia Azienda Agricola riportante il numero di ordinazione e la difformit\u00e0 riscontrata, oppure potr\u00e0 contattarlo telefonicamente al n. 333 4648720. Catani Sonia Azienda Agricola provveder\u00e0 a ricontattare il CLIENTE al fine di, a proprie spese, organizzare il ritiro del prodotto, compatibilmente con la disponibilit\u00e0 del CLIENTE.<\/p>\n\n<p><strong>Articolo 9 \u2013 Modalit\u00e0 di consegna<\/strong><br\/>Catani Sonia Azienda Agricola accetter\u00e0 solo ordini da consegnare nel territorio italiano e nella Repubblica di San Marino e all&#8217;estero in Belgio, Lussemburgo, Francia, Austria e Germania. I prodotti saranno consegnati tramite corriere espresso all\u2019indirizzo indicato dal CLIENTE al momento dell\u2019ordine entro e non oltre 3 giorni dalla data di ricezione da parte del CLIENTE dell\u2019e-mail di conferma ordine inviata da calicozzo@gmail.com.<br\/>Per ogni ordine effettuato sul sito https:\/\/shop.agriturismocalicozzo.com\/, Catani Sonia Azienda Agricola emette fattura della merce spedita. La fattura verr\u00e0 recapitata unitamente ai prodotti acquistati e conterr\u00e0 le informazioni fornite dal CLIENTE durante la procedura di acquisto. Dopo l\u2019emissione della fattura, non sar\u00e0 possibile apportare alcuna modifica ai dati indicati nella stessa.<\/p>\n\n<p>Verr\u00e0 emesso scontrino fiscale o fattura su richiesta del cliente (in questo caso bisogna inserire la richiesta dei dati della ditta compreso Codice Univoco).<\/p>\n\n<p><strong>Articolo 10 \u2013 Responsabilit\u00e0<\/strong><\/p>\n\n<p> Catani Sonia Azienda Agricola non assume alcuna responsabilit\u00e0 per disservizi imputabili a causa di forza maggiore o caso fortuito, anche ove dipendenti da malfunzionamenti e disservizi della rete internet, nel caso in cui non riesca a dare esecuzione all\u2019ordine nei tempi previsti dal contratto.<br\/> Catani Sonia Azienda Agricola non \u00e8 responsabile circa la scelta del CLIENTE delle modalit\u00e0 di impiego dei prodotti acquistati. Catani Sonia Azienda Agricola non \u00e8 altres\u00ec responsabile di mancati guadagni in conseguenza dell\u2019uso dei prodotti acquistati e neppure di eventuali danni procurati da un cattivo utilizzo dei prodotti medesimi.<br\/>Per ciascuno dei prodotti venduti sul sito https:\/\/shop.agriturismocalicozzo.com\/ \u00e8 indicata la presenza o meno di eventuali allergeni. Si raccomanda al CLIENTE di rivolgersi a personale medico e\/o ad altro professionista prima dell\u2019acquisto dei prodotti qualora abbia dubbi riguardo a problematiche alimentari e\/o intolleranze<\/p>\n\n<p><strong>Articolo 11 \u2013 Accesso al sito<\/strong><\/p>\n\n<p>Il CLIENTE ha diritto di accedere al sito per la consultazione e l\u2019effettuazione degli acquisti. Non \u00e8 consentito alcun altro utilizzo, in particolare commerciale, del sito o del suo contenuto. L\u2019integrit\u00e0 degli elementi di questo sito, che siano sonori o visivi, e la relativa tecnologia utilizzata rimangono di propriet\u00e0 di Catani Sonia Azienda Agricola e sono protetti dal diritto di propriet\u00e0 intellettuale.<\/p>\n\n<p><strong>Articolo 12 \u2013 Cookies<\/strong><br\/>Il sito web https:\/\/shop.agriturismocalicozzo.com\/ utilizza i \u201dcookies\u201d. I cookies sono file elettronici che registrano informazioni relative alla navigazione del CLIENTE nel sito (pagine consultate, data ed ora della consultazione, ecc..) e che permettono a Catani Sonia Azienda Agricola di offrire un servizio personalizzato ai propri clienti.<br\/>Catani Sonia Azienda Agricola informa il Cliente della possibilit\u00e0 di disattivare la creazione di tali file, accedendo al proprio menu di configurazione Internet. Resta inteso che questo impedir\u00e0 al Cliente di procedere all\u2019 acquisto on line.<\/p>\n\n<p><strong>Articolo 13 \u2013 Integralit\u00e0<\/strong><br\/>Le presenti Condizioni Generali di Vendita sono costituite dalla totalit\u00e0 delle clausole che le compongono. Se una o pi\u00f9 disposizioni delle presenti Condizioni Generali di Vendita \u00e8 considerata non valida o dichiarata tale ai sensi della legge, della regolamentazione o in seguito a una decisione da parte di un tribunale avente giurisdizione, le altre disposizioni continueranno ad avere pieno vigore ed efficacia.<\/p>\n\n<p><strong>Articolo 14 \u2013 Legge applicabile e foro competente<\/strong><br\/>Le presenti Condizioni Generali di Vendita sono sottoposte alla legge italiana.<br\/>Ogni controversia che non trova soluzione amichevole sar\u00e0 sottoposta alla competenza esclusiva del Tribunale di Urbino.<br\/>In ogni caso, \u00e8 possibile ricorrere facoltativamente alle procedure di mediazione di cui al D. Lgs. n. 28\/2010 e s.m.i.., per la risoluzione di eventuali controversie insorte nell\u2019interpretazione e nell\u2019esecuzione delle presenti condizioni di vendita.<br\/>Condizioni generali di vendita aggiornate il 1 febbraio 2022<\/p>\n","protected":false},"excerpt":{"rendered":"<p>CONDIZIONI GENERALI DI VENDITA ON LINE Le presenti condizioni sono valide esclusivamente tra Catani Sonia Azienda Agricola con sede legale in Via Manzoni 19 61046 Piobbico PU Italy Ubicazione Loc. C\u00e0 Licozzo Piobbico PU P. I. 01053200414, di seguito denominata \u201cCatani Sonia Azienda Agricola\u201d e qualsiasi utente che effettui acquisti online sul internet https:\/\/shop.agriturismocalicozzo.com\/, di [&hellip;]<\/p>\n","protected":false},"author":1,"featured_media":0,"parent":0,"menu_order":0,"comment_status":"closed","ping_status":"closed","template":"","meta":{"_acf_changed":false,"footnotes":""},"class_list":["post-731","page","type-page","status-publish","hentry"],"acf":[],"yoast_head":"<!-- This site is optimized with the Yoast SEO plugin v27.5 - https:\/\/yoast.com\/product\/yoast-seo-wordpress\/ -->\n<title>Terms and Conditions - Shop - Agriturismo Ca&#039; Licozzo<\/title>\n<meta name=\"robots\" content=\"index, follow, max-snippet:-1, max-image-preview:large, max-video-preview:-1\" \/>\n<link rel=\"canonical\" href=\"https:\/\/shop.agriturismocalicozzo.com\/en\/terms-and-conditions\/\" \/>\n<meta property=\"og:locale\" content=\"en_US\" \/>\n<meta property=\"og:type\" content=\"article\" \/>\n<meta property=\"og:title\" content=\"Terms and Conditions - Shop - Agriturismo Ca&#039; Licozzo\" \/>\n<meta property=\"og:description\" content=\"CONDIZIONI GENERALI DI VENDITA ON LINE Le presenti condizioni sono valide esclusivamente tra Catani Sonia Azienda Agricola con sede legale in Via Manzoni 19 61046 Piobbico PU Italy Ubicazione Loc. C\u00e0 Licozzo Piobbico PU P. I. 01053200414, di seguito denominata \u201cCatani Sonia Azienda Agricola\u201d e qualsiasi utente che effettui acquisti online sul internet https:\/\/shop.agriturismocalicozzo.com\/, di [&hellip;]\" \/>\n<meta property=\"og:url\" content=\"https:\/\/shop.agriturismocalicozzo.com\/en\/terms-and-conditions\/\" \/>\n<meta property=\"og:site_name\" content=\"Shop - Agriturismo Ca&#039; Licozzo\" \/>\n<meta property=\"article:modified_time\" content=\"2022-05-12T12:11:23+00:00\" \/>\n<meta name=\"twitter:card\" content=\"summary_large_image\" \/>\n<meta name=\"twitter:label1\" content=\"Est. reading time\" \/>\n\t<meta name=\"twitter:data1\" content=\"10 minutes\" \/>\n<script type=\"application\/ld+json\" class=\"yoast-schema-graph\">{\"@context\":\"https:\\\/\\\/schema.org\",\"@graph\":[{\"@type\":\"WebPage\",\"@id\":\"https:\\\/\\\/shop.agriturismocalicozzo.com\\\/en\\\/terms-and-conditions\\\/\",\"url\":\"https:\\\/\\\/shop.agriturismocalicozzo.com\\\/en\\\/terms-and-conditions\\\/\",\"name\":\"Terms and Conditions - Shop - Agriturismo Ca&#039; Licozzo\",\"isPartOf\":{\"@id\":\"https:\\\/\\\/shop.agriturismocalicozzo.com\\\/#website\"},\"datePublished\":\"2022-05-12T12:11:22+00:00\",\"dateModified\":\"2022-05-12T12:11:23+00:00\",\"breadcrumb\":{\"@id\":\"https:\\\/\\\/shop.agriturismocalicozzo.com\\\/en\\\/terms-and-conditions\\\/#breadcrumb\"},\"inLanguage\":\"en-US\",\"potentialAction\":[{\"@type\":\"ReadAction\",\"target\":[\"https:\\\/\\\/shop.agriturismocalicozzo.com\\\/en\\\/terms-and-conditions\\\/\"]}]},{\"@type\":\"BreadcrumbList\",\"@id\":\"https:\\\/\\\/shop.agriturismocalicozzo.com\\\/en\\\/terms-and-conditions\\\/#breadcrumb\",\"itemListElement\":[{\"@type\":\"ListItem\",\"position\":1,\"name\":\"Home\",\"item\":\"https:\\\/\\\/shop.agriturismocalicozzo.com\\\/\"},{\"@type\":\"ListItem\",\"position\":2,\"name\":\"Terms and Conditions\"}]},{\"@type\":\"WebSite\",\"@id\":\"https:\\\/\\\/shop.agriturismocalicozzo.com\\\/#website\",\"url\":\"https:\\\/\\\/shop.agriturismocalicozzo.com\\\/\",\"name\":\"Shop - Agriturismo Ca&#039; Licozzo\",\"description\":\"\",\"publisher\":{\"@id\":\"https:\\\/\\\/shop.agriturismocalicozzo.com\\\/#organization\"},\"potentialAction\":[{\"@type\":\"SearchAction\",\"target\":{\"@type\":\"EntryPoint\",\"urlTemplate\":\"https:\\\/\\\/shop.agriturismocalicozzo.com\\\/?s={search_term_string}\"},\"query-input\":{\"@type\":\"PropertyValueSpecification\",\"valueRequired\":true,\"valueName\":\"search_term_string\"}}],\"inLanguage\":\"en-US\"},{\"@type\":\"Organization\",\"@id\":\"https:\\\/\\\/shop.agriturismocalicozzo.com\\\/#organization\",\"name\":\"Agriturismo Ca' Licozzo - Azienda Agricola Catani Simona - Piobbico\",\"url\":\"https:\\\/\\\/shop.agriturismocalicozzo.com\\\/\",\"logo\":{\"@type\":\"ImageObject\",\"inLanguage\":\"en-US\",\"@id\":\"https:\\\/\\\/shop.agriturismocalicozzo.com\\\/#\\\/schema\\\/logo\\\/image\\\/\",\"url\":\"https:\\\/\\\/shop.agriturismocalicozzo.com\\\/wp-content\\\/uploads\\\/2021\\\/09\\\/logo.png\",\"contentUrl\":\"https:\\\/\\\/shop.agriturismocalicozzo.com\\\/wp-content\\\/uploads\\\/2021\\\/09\\\/logo.png\",\"width\":249,\"height\":88,\"caption\":\"Agriturismo Ca' Licozzo - Azienda Agricola Catani Simona - Piobbico\"},\"image\":{\"@id\":\"https:\\\/\\\/shop.agriturismocalicozzo.com\\\/#\\\/schema\\\/logo\\\/image\\\/\"}}]}<\/script>\n<!-- \/ Yoast SEO plugin. -->","yoast_head_json":{"title":"Terms and Conditions - Shop - Agriturismo Ca&#039; Licozzo","robots":{"index":"index","follow":"follow","max-snippet":"max-snippet:-1","max-image-preview":"max-image-preview:large","max-video-preview":"max-video-preview:-1"},"canonical":"https:\/\/shop.agriturismocalicozzo.com\/en\/terms-and-conditions\/","og_locale":"en_US","og_type":"article","og_title":"Terms and Conditions - Shop - Agriturismo Ca&#039; Licozzo","og_description":"CONDIZIONI GENERALI DI VENDITA ON LINE Le presenti condizioni sono valide esclusivamente tra Catani Sonia Azienda Agricola con sede legale in Via Manzoni 19 61046 Piobbico PU Italy Ubicazione Loc. C\u00e0 Licozzo Piobbico PU P. I. 01053200414, di seguito denominata \u201cCatani Sonia Azienda Agricola\u201d e qualsiasi utente che effettui acquisti online sul internet https:\/\/shop.agriturismocalicozzo.com\/, di [&hellip;]","og_url":"https:\/\/shop.agriturismocalicozzo.com\/en\/terms-and-conditions\/","og_site_name":"Shop - Agriturismo Ca&#039; Licozzo","article_modified_time":"2022-05-12T12:11:23+00:00","twitter_card":"summary_large_image","twitter_misc":{"Est. reading time":"10 minutes"},"schema":{"@context":"https:\/\/schema.org","@graph":[{"@type":"WebPage","@id":"https:\/\/shop.agriturismocalicozzo.com\/en\/terms-and-conditions\/","url":"https:\/\/shop.agriturismocalicozzo.com\/en\/terms-and-conditions\/","name":"Terms and Conditions - Shop - Agriturismo Ca&#039; Licozzo","isPartOf":{"@id":"https:\/\/shop.agriturismocalicozzo.com\/#website"},"datePublished":"2022-05-12T12:11:22+00:00","dateModified":"2022-05-12T12:11:23+00:00","breadcrumb":{"@id":"https:\/\/shop.agriturismocalicozzo.com\/en\/terms-and-conditions\/#breadcrumb"},"inLanguage":"en-US","potentialAction":[{"@type":"ReadAction","target":["https:\/\/shop.agriturismocalicozzo.com\/en\/terms-and-conditions\/"]}]},{"@type":"BreadcrumbList","@id":"https:\/\/shop.agriturismocalicozzo.com\/en\/terms-and-conditions\/#breadcrumb","itemListElement":[{"@type":"ListItem","position":1,"name":"Home","item":"https:\/\/shop.agriturismocalicozzo.com\/"},{"@type":"ListItem","position":2,"name":"Terms and Conditions"}]},{"@type":"WebSite","@id":"https:\/\/shop.agriturismocalicozzo.com\/#website","url":"https:\/\/shop.agriturismocalicozzo.com\/","name":"Shop - Agriturismo Ca&#039; Licozzo","description":"","publisher":{"@id":"https:\/\/shop.agriturismocalicozzo.com\/#organization"},"potentialAction":[{"@type":"SearchAction","target":{"@type":"EntryPoint","urlTemplate":"https:\/\/shop.agriturismocalicozzo.com\/?s={search_term_string}"},"query-input":{"@type":"PropertyValueSpecification","valueRequired":true,"valueName":"search_term_string"}}],"inLanguage":"en-US"},{"@type":"Organization","@id":"https:\/\/shop.agriturismocalicozzo.com\/#organization","name":"Agriturismo Ca' Licozzo - Azienda Agricola Catani Simona - Piobbico","url":"https:\/\/shop.agriturismocalicozzo.com\/","logo":{"@type":"ImageObject","inLanguage":"en-US","@id":"https:\/\/shop.agriturismocalicozzo.com\/#\/schema\/logo\/image\/","url":"https:\/\/shop.agriturismocalicozzo.com\/wp-content\/uploads\/2021\/09\/logo.png","contentUrl":"https:\/\/shop.agriturismocalicozzo.com\/wp-content\/uploads\/2021\/09\/logo.png","width":249,"height":88,"caption":"Agriturismo Ca' Licozzo - Azienda Agricola Catani Simona - Piobbico"},"image":{"@id":"https:\/\/shop.agriturismocalicozzo.com\/#\/schema\/logo\/image\/"}}]}},"_links":{"self":[{"href":"https:\/\/shop.agriturismocalicozzo.com\/en\/wp-json\/wp\/v2\/pages\/731","targetHints":{"allow":["GET"]}}],"collection":[{"href":"https:\/\/shop.agriturismocalicozzo.com\/en\/wp-json\/wp\/v2\/pages"}],"about":[{"href":"https:\/\/shop.agriturismocalicozzo.com\/en\/wp-json\/wp\/v2\/types\/page"}],"author":[{"embeddable":true,"href":"https:\/\/shop.agriturismocalicozzo.com\/en\/wp-json\/wp\/v2\/users\/1"}],"replies":[{"embeddable":true,"href":"https:\/\/shop.agriturismocalicozzo.com\/en\/wp-json\/wp\/v2\/comments?post=731"}],"version-history":[{"count":1,"href":"https:\/\/shop.agriturismocalicozzo.com\/en\/wp-json\/wp\/v2\/pages\/731\/revisions"}],"predecessor-version":[{"id":732,"href":"https:\/\/shop.agriturismocalicozzo.com\/en\/wp-json\/wp\/v2\/pages\/731\/revisions\/732"}],"wp:attachment":[{"href":"https:\/\/shop.agriturismocalicozzo.com\/en\/wp-json\/wp\/v2\/media?parent=731"}],"curies":[{"name":"wp","href":"https:\/\/api.w.org\/{rel}","templated":true}]}}